{"id":4,"date":"2016-09-08T09:02:30","date_gmt":"2016-09-08T12:02:30","guid":{"rendered":"http:\/\/www.trglocadora.com.br\/site\/?page_id=4"},"modified":"2018-03-06T11:14:40","modified_gmt":"2018-03-06T14:14:40","slug":"pagina-inicial","status":"publish","type":"page","link":"https:\/\/trglocadora.com.br\/","title":{"rendered":"Locadora de Vans e Ve\u00edculos"},"content":{"rendered":"<div style=\"text-align: justify; padding-left: 25px; padding-right: 25px;\">\n<p>Empresa constitu\u00edda em Outubro de 2002, com o segmento de Loca\u00e7\u00e3o de Vans e Ve\u00edculos Executivos com motorista, tendo frota pr\u00f3pria, e tendo autoriza\u00e7\u00f5es nos \u00f3rg\u00e3os fiscalizadoras, como EMTU e SP-TRANS.<\/p>\n<p><strong>Objetivos<\/strong><\/p>\n<ul>\n<li>Melhor Custo \/ Benef\u00edcios.<\/li>\n<li>Transportes com seguran\u00e7a, eficaz e pontualidade.<\/li>\n<\/ul>\n<p>Autorizada pela:<\/p>\n<table border=\"0\" width=\"100%\" cellspacing=\"0\" cellpadding=\"0\" align=\"center\">\n<tbody>\n<tr>\n<td align=\"center\" valign=\"middle\"><img loading=\"lazy\" decoding=\"async\" class=\"alignnone size-full wp-image-130\" src=\"http:\/\/www.trglocadora.com.br\/site\/wp-content\/uploads\/antt-logo.jpg\" alt=\"antt-logo\" width=\"200\" height=\"120\" \/><img loading=\"lazy\" decoding=\"async\" class=\"alignnone size-full wp-image-131\" src=\"http:\/\/www.trglocadora.com.br\/site\/wp-content\/uploads\/logo-emtu.jpg\" alt=\"logo-emtu\" width=\"200\" height=\"120\" \/><img loading=\"lazy\" decoding=\"async\" class=\"alignnone size-full wp-image-132\" src=\"http:\/\/www.trglocadora.com.br\/site\/wp-content\/uploads\/logo-sptrans.png\" alt=\"logo-sptrans\" width=\"200\" height=\"120\" \/> <img loading=\"lazy\" decoding=\"async\" class=\"alignnone size-full wp-image-128\" src=\"http:\/\/www.trglocadora.com.br\/site\/wp-content\/uploads\/logo_artesp.jpg\" alt=\"logo_artesp\" width=\"200\" height=\"120\" \/><img loading=\"lazy\" decoding=\"async\" class=\"alignnone size-full wp-image-129\" src=\"http:\/\/www.trglocadora.com.br\/site\/wp-content\/uploads\/embratur-logo.jpg\" alt=\"embratur-logo\" width=\"200\" height=\"120\" \/><\/td>\n<\/tr>\n<\/tbody>\n<\/table>\n<p style=\"text-align: center;\">O seu cart\u00e3o passa aqui.<br \/>\n<img loading=\"lazy\" decoding=\"async\" class=\"size-full wp-image-169 aligncenter\" src=\"http:\/\/trglocadora.com.br\/site\/wp-content\/uploads\/2016\/09\/Bandeiras-ELO.fw_.png\" alt=\"\" width=\"696\" height=\"110\" srcset=\"https:\/\/trglocadora.com.br\/wp-content\/uploads\/2016\/09\/Bandeiras-ELO.fw_.png 696w, https:\/\/trglocadora.com.br\/wp-content\/uploads\/2016\/09\/Bandeiras-ELO.fw_-300x47.png 300w\" sizes=\"auto, (max-width: 696px) 100vw, 696px\" \/>Consulte as outras bandeiras aceitas pela Cielo.<\/p>\n<\/div>\n","protected":false},"excerpt":{"rendered":"<p>Empresa constitu\u00edda em Outubro de 2002, com o segmento de Loca\u00e7\u00e3o de Vans e Ve\u00edculos Executivos com motorista, tendo frota pr\u00f3pria, e tendo autoriza\u00e7\u00f5es nos \u00f3rg\u00e3os fiscalizadoras, como EMTU e SP-TRANS. Objetivos Melhor Custo \/ Benef\u00edcios. Transportes com seguran\u00e7a, eficaz e pontualidade. Autorizada pela: O seu cart\u00e3o passa aqui. Consulte as outras bandeiras aceitas pela [&hellip;]<\/p>\n","protected":false},"author":1,"featured_media":0,"parent":0,"menu_order":0,"comment_status":"closed","ping_status":"closed","template":"","meta":{"footnotes":""},"class_list":["post-4","page","type-page","status-publish","hentry"],"_links":{"self":[{"href":"https:\/\/trglocadora.com.br\/index.php?rest_route=\/wp\/v2\/pages\/4","targetHints":{"allow":["GET"]}}],"collection":[{"href":"https:\/\/trglocadora.com.br\/index.php?rest_route=\/wp\/v2\/pages"}],"about":[{"href":"https:\/\/trglocadora.com.br\/index.php?rest_route=\/wp\/v2\/types\/page"}],"author":[{"embeddable":true,"href":"https:\/\/trglocadora.com.br\/index.php?rest_route=\/wp\/v2\/users\/1"}],"replies":[{"embeddable":true,"href":"https:\/\/trglocadora.com.br\/index.php?rest_route=%2Fwp%2Fv2%2Fcomments&post=4"}],"version-history":[{"count":16,"href":"https:\/\/trglocadora.com.br\/index.php?rest_route=\/wp\/v2\/pages\/4\/revisions"}],"predecessor-version":[{"id":172,"href":"https:\/\/trglocadora.com.br\/index.php?rest_route=\/wp\/v2\/pages\/4\/revisions\/172"}],"wp:attachment":[{"href":"https:\/\/trglocadora.com.br\/index.php?rest_route=%2Fwp%2Fv2%2Fmedia&parent=4"}],"curies":[{"name":"wp","href":"https:\/\/api.w.org\/{rel}","templated":true}]}}